{"id":17152,"date":"2019-11-28T17:21:25","date_gmt":"2019-11-28T17:21:25","guid":{"rendered":"http:\/\/ecofoc.net\/estufas-de-piedra\/"},"modified":"2020-04-20T17:02:24","modified_gmt":"2020-04-20T17:02:24","slug":"estufas-de-piedra","status":"publish","type":"page","link":"https:\/\/ecofoc.net\/ca\/estufas-de-piedra\/","title":{"rendered":"Estufes de Pedra"},"content":{"rendered":"<div class=\"wpb-content-wrapper\"><p>[vc_row css_animation=&#8221;&#8221; row_type=&#8221;row&#8221; use_row_as_full_screen_section=&#8221;no&#8221; type=&#8221;full_width&#8221; angled_section=&#8221;no&#8221; text_align=&#8221;left&#8221; background_image_as_pattern=&#8221;without_pattern&#8221;][vc_column width=&#8221;1\/2&#8243;][vc_single_image image=&#8221;17042&#8243; img_size=&#8221;large&#8221; alignment=&#8221;right&#8221; qode_css_animation=&#8221;&#8221;][\/vc_column][vc_column width=&#8221;1\/2&#8243;][vc_column_text]<\/p>\n<h2><span style=\"color: #ffffff;\">Estufes de Pedra<\/span><\/h2>\n<p>[\/vc_column_text][vc_separator type=&#8221;transparent&#8221; up=&#8221;10&#8243; down=&#8221;10&#8243;][vc_column_text]<\/p>\n<p><span style=\"color: #ffffff;\">Ampliem els nostres serveis com especialistes en estufes de massa t\u00e8rmica amb la incorporaci\u00f3 de tot un ventall <br \/>d&#8217;estufes acumuladores d&#8217;importaci\u00f3 de les principals marques europees especialitzades.<br \/>\nUs oferim un assessorament professional complert per a la compra de la vostra estufa i us en facilitem la instal\u00b7laci\u00f3.<br \/>\nTreballem amb dues marques n\u00f2rdiques de renom internacional.<\/span><\/p>\n<p>[\/vc_column_text][\/vc_column][\/vc_row][vc_row css_animation=&#8221;&#8221; row_type=&#8221;row&#8221; use_row_as_full_screen_section=&#8221;no&#8221; type=&#8221;full_width&#8221; angled_section=&#8221;no&#8221; text_align=&#8221;left&#8221; background_image_as_pattern=&#8221;without_pattern&#8221;][vc_column width=&#8221;1\/2&#8243;][vc_separator type=&#8221;transparent&#8221; up=&#8221;20&#8243;][vc_single_image image=&#8221;17059&#8243; img_size=&#8221;200&#215;200&#8243; alignment=&#8221;center&#8221; onclick=&#8221;custom_link&#8221; qode_css_animation=&#8221;&#8221; link=&#8221;#tulikivi&#8221;][\/vc_column][vc_column width=&#8221;1\/2&#8243;][vc_separator type=&#8221;transparent&#8221; up=&#8221;20&#8243;][vc_single_image image=&#8221;17056&#8243; img_size=&#8221;200&#215;200&#8243; alignment=&#8221;center&#8221; onclick=&#8221;custom_link&#8221; qode_css_animation=&#8221;&#8221; link=&#8221;#lotus&#8221;][\/vc_column][\/vc_row][vc_row css_animation=&#8221;&#8221; row_type=&#8221;row&#8221; use_row_as_full_screen_section=&#8221;no&#8221; type=&#8221;full_width&#8221; angled_section=&#8221;no&#8221; text_align=&#8221;left&#8221; background_image_as_pattern=&#8221;without_pattern&#8221;][vc_column][vc_separator type=&#8221;normal&#8221; up=&#8221;40&#8243; down=&#8221;40&#8243;][vc_column_text]<\/p>\n<h2><span style=\"color: #ffffff;\">Estufes Tulikivi<\/span><\/h2>\n<p>[\/vc_column_text][vc_separator type=&#8221;transparent&#8221; up=&#8221;10&#8243; down=&#8221;10&#8243;][\/vc_column][\/vc_row][vc_row css_animation=&#8221;&#8221; row_type=&#8221;row&#8221; use_row_as_full_screen_section=&#8221;no&#8221; type=&#8221;full_width&#8221; angled_section=&#8221;no&#8221; text_align=&#8221;left&#8221; background_image_as_pattern=&#8221;without_pattern&#8221; el_id=&#8221;tulikivi&#8221; z_index=&#8221;&#8221;][vc_column width=&#8221;1\/2&#8243;]<div class='qode_image_gallery_no_space '>\n            <div class='qode_image_gallery_holder' style=''>\n                <ul ><li >\n                    <div style=\" width:800px;\"><img decoding=\"async\" itemprop=\"image\" src=\"https:\/\/ecofoc.net\/wp-content\/uploads\/2019\/11\/kammi-noble-web.png\" alt=\"\" \/><\/div><\/li><li >\n                    <div style=\" width:800px;\"><img decoding=\"async\" itemprop=\"image\" src=\"https:\/\/ecofoc.net\/wp-content\/uploads\/2019\/11\/kammi-grafia-web.png\" alt=\"\" \/><\/div><\/li><\/ul>\n          <\/div>\n          <div class='controls'>\n              <a class='prev-slide' href='#'><span><i class='fa fa-angle-left'><\/i><\/span><\/a>\n              <a class='next-slide' href='#'><span><i class='fa fa-angle-right'><\/i><\/span><\/a>\n          <\/div>\n      <\/div>[\/vc_column][vc_column width=&#8221;1\/2&#8243;][vc_empty_space][vc_column_text]<span style=\"color: #ffffff;\">Les estufes de esteatita de Tulikivi combinen prestacions i una est\u00e8tica innovadora. Proporcionen calor<br \/>\nr\u00e0pidament i gr\u00e0cies a l&#8217;esteatita tamb\u00e9 el retenen.<br \/>\nUn tractament excepcional de les superf\u00edcies que <br \/>\nles converteixen el elements decoratius \u00fanics que afegeixen car\u00e0cter a casa seva.<\/span>[\/vc_column_text][\/vc_column][\/vc_row][vc_row css_animation=&#8221;&#8221; row_type=&#8221;row&#8221; use_row_as_full_screen_section=&#8221;no&#8221; type=&#8221;full_width&#8221; angled_section=&#8221;no&#8221; text_align=&#8221;left&#8221; background_image_as_pattern=&#8221;without_pattern&#8221;][vc_column][vc_separator type=&#8221;transparent&#8221; up=&#8221;20&#8243; down=&#8221;20&#8243;][vc_column_text]<\/p>\n<h4><span style=\"color: #ffffff;\"><strong>Quatre models amb dues opcions d&#8217;al\u00e7ada i tres boniques superf\u00edcies a escollir. Color gris cl\u00e0ssic, l&#8217;irregular i expressiu Grafia i l&#8217;aspre i sumptu\u00f3s Nobile.<\/strong><\/span><\/h4>\n<p>[\/vc_column_text][vc_separator type=&#8221;normal&#8221; up=&#8221;40&#8243; down=&#8221;40&#8243;][\/vc_column][\/vc_row][vc_row css_animation=&#8221;&#8221; row_type=&#8221;row&#8221; use_row_as_full_screen_section=&#8221;no&#8221; type=&#8221;full_width&#8221; angled_section=&#8221;no&#8221; text_align=&#8221;left&#8221; background_image_as_pattern=&#8221;without_pattern&#8221;][vc_column width=&#8221;1\/2&#8243;][vc_single_image image=&#8221;17115&#8243; img_size=&#8221;large&#8221; alignment=&#8221;right&#8221; qode_css_animation=&#8221;&#8221;][vc_empty_space][\/vc_column][vc_column width=&#8221;1\/2&#8243;][vc_column_text]<\/p>\n<h2><span style=\"color: #ffffff;\">HENKA<\/span><\/h2>\n<p>[\/vc_column_text][vc_empty_space][vc_column_text]<span style=\"color: #ffffff;\">El seu disseny modern combinat amb la seva elegant superf\u00edcie d&#8217;esteatita fan de Henka un cl\u00e0ssic atemporal. Amb una gran porta horitzontal que permet una impressionant visi\u00f3 del foc des de tota la sala.<\/span><br \/>\n<span style=\"color: #ffffff;\">Dimensions (AxFxH),mm: <\/span><br \/>\n<span style=\"color: #ffffff;\">790x470x1390\/1840<\/span><br \/>\n<span style=\"color: #ffffff;\">Pes (model), kg: 520(14)\/640(18)<\/span><br \/>\n<span style=\"color: #ffffff;\">Pot\u00e8ncia nominal (min-max), kW:<\/span><br \/>\n<span style=\"color: #ffffff;\">4,8 (2,5-10)<\/span><br \/>\n<span style=\"color: #ffffff;\">Consum combustible, kg\/h: 1,4<\/span><br \/>\n<span style=\"color: #ffffff;\">Longitud dels troncs, mm: max. 330<\/span>[\/vc_column_text][\/vc_column][\/vc_row][vc_row css_animation=&#8221;&#8221; row_type=&#8221;row&#8221; use_row_as_full_screen_section=&#8221;no&#8221; type=&#8221;full_width&#8221; angled_section=&#8221;no&#8221; text_align=&#8221;left&#8221; background_image_as_pattern=&#8221;without_pattern&#8221;][vc_column][vc_separator type=&#8221;normal&#8221; up=&#8221;40&#8243; down=&#8221;40&#8243;][\/vc_column][\/vc_row][vc_row css_animation=&#8221;&#8221; row_type=&#8221;row&#8221; use_row_as_full_screen_section=&#8221;no&#8221; type=&#8221;full_width&#8221; angled_section=&#8221;no&#8221; text_align=&#8221;left&#8221; background_image_as_pattern=&#8221;without_pattern&#8221;][vc_column width=&#8221;1\/2&#8243;][vc_column_text]<\/p>\n<h2><span style=\"color: #ffffff;\">JOKKA L\/R<\/span><\/h2>\n<p>[\/vc_column_text][vc_empty_space][vc_column_text]<span style=\"color: #ffffff;\">Jokka crida l&#8217;atenci\u00f3 ja que el foc pot ser admirat des de tot arreu de l&#8217;habitaci\u00f3 a trav\u00e9s del gran angle de la seva porta. Aquesta estufa minimalista s&#8217;ajusta incl\u00fas a espais petits i es pot escollir entre la obertura de la porta a l&#8217;esquerra (L) o amb obertura a la dreta (R)<\/span><br \/>\n<span style=\"color: #ffffff;\">Dimensions (AxFxH), mm:<\/span><br \/>\n<span style=\"color: #ffffff;\">740x470x1390\/1840<\/span><br \/>\n<span style=\"color: #ffffff;\">Pes (model), kg: 480(14)\/600(18)<\/span><br \/>\n<span style=\"color: #ffffff;\">Pot\u00e8ncia nominal (min-max), kW:<\/span><br \/>\n<span style=\"color: #ffffff;\">5,7 (3-10)<\/span><br \/>\n<span style=\"color: #ffffff;\">Consum de combustible, kg\/h: 1,6<\/span><br \/>\n<span style=\"color: #ffffff;\">Longitud de la llenya, mm: max. 250<\/span>[\/vc_column_text][vc_empty_space][\/vc_column][vc_column width=&#8221;1\/2&#8243;][vc_single_image image=&#8221;17117&#8243; img_size=&#8221;large&#8221; alignment=&#8221;right&#8221; qode_css_animation=&#8221;&#8221;][\/vc_column][\/vc_row][vc_row css_animation=&#8221;&#8221; row_type=&#8221;row&#8221; use_row_as_full_screen_section=&#8221;no&#8221; type=&#8221;full_width&#8221; angled_section=&#8221;no&#8221; text_align=&#8221;left&#8221; background_image_as_pattern=&#8221;without_pattern&#8221;][vc_column][vc_separator type=&#8221;normal&#8221; up=&#8221;40&#8243; down=&#8221;40&#8243;][\/vc_column][\/vc_row][vc_row css_animation=&#8221;&#8221; row_type=&#8221;row&#8221; use_row_as_full_screen_section=&#8221;no&#8221; type=&#8221;full_width&#8221; angled_section=&#8221;no&#8221; text_align=&#8221;left&#8221; background_image_as_pattern=&#8221;without_pattern&#8221;][vc_column width=&#8221;1\/2&#8243;][vc_single_image image=&#8221;17119&#8243; img_size=&#8221;large&#8221; alignment=&#8221;right&#8221; qode_css_animation=&#8221;&#8221;][vc_empty_space][\/vc_column][vc_column width=&#8221;1\/2&#8243;][vc_column_text]<\/p>\n<h2><span style=\"color: #ffffff;\">LAMU<\/span><\/h2>\n<p>[\/vc_column_text][vc_empty_space][vc_column_text]<span style=\"color: #ffffff;\">Amb portes a ambd\u00f3s costats, Lamu t\u00e9 un aspecte airejat i es un perfecte divisor de l&#8217;espai.<br \/>\nLa seva gran porta horitzontal convida a gaudir de l&#8217;hipn\u00f2tic efecte del foc.<\/span><br \/>\n<span style=\"color: #ffffff;\">Dimensions (AxFxH), mm:<\/span><br \/>\n<span style=\"color: #ffffff;\">900x565x1450\/1900<\/span><br \/>\n<span style=\"color: #ffffff;\">Pes (model), kg: 620(14)\/770(18)<\/span><br \/>\n<span style=\"color: #ffffff;\">Pot\u00e8ncia nominal (min-max), kW:<\/span><br \/>\n<span style=\"color: #ffffff;\">7,9 (4-12)<\/span><br \/>\n<span style=\"color: #ffffff;\">Consum combustible, kg\/h: 2,2<\/span><br \/>\n<span style=\"color: #ffffff;\">Longitud dels troncs, mm: max. 330<\/span>[\/vc_column_text][\/vc_column][\/vc_row][vc_row css_animation=&#8221;&#8221; row_type=&#8221;row&#8221; use_row_as_full_screen_section=&#8221;no&#8221; type=&#8221;full_width&#8221; angled_section=&#8221;no&#8221; text_align=&#8221;left&#8221; background_image_as_pattern=&#8221;without_pattern&#8221;][vc_column][vc_separator type=&#8221;normal&#8221; up=&#8221;40&#8243; down=&#8221;40&#8243;][\/vc_column][\/vc_row][vc_row css_animation=&#8221;&#8221; row_type=&#8221;row&#8221; use_row_as_full_screen_section=&#8221;no&#8221; type=&#8221;full_width&#8221; angled_section=&#8221;no&#8221; text_align=&#8221;left&#8221; background_image_as_pattern=&#8221;without_pattern&#8221;][vc_column width=&#8221;1\/2&#8243;][vc_column_text]<\/p>\n<h2><span style=\"color: #ffffff;\">KAMMI<\/span><\/h2>\n<p>[\/vc_column_text][vc_empty_space][vc_column_text]<span style=\"color: #ffffff;\">Gr\u00e0cies al seu mida compacte, Kammi quadra perfectament en molts tipus d&#8217;espais. A m\u00e9s de ser esvelta tamb\u00e9 es una estufa eficient. La seva porta alta i vertical ofereix una visi\u00f3 espectacular de les flames.<\/span><br \/>\n<span style=\"color: #ffffff;\">Dimensions (AxFxH), mm:<\/span><br \/>\n<span style=\"color: #ffffff;\">620x530x1450\/1900<\/span><br \/>\n<span style=\"color: #ffffff;\">Pes (model), kg: 490(14)\/600(18)<\/span><br \/>\n<span style=\"color: #ffffff;\">Pot\u00e8ncia nominal (min-max), kW:<\/span><br \/>\n<span style=\"color: #ffffff;\">5,0 (2,5-10)<\/span><br \/>\n<span style=\"color: #ffffff;\">Consum combustible, kg\/h: 1,4<\/span><br \/>\n<span style=\"color: #ffffff;\">Longitud dels troncs, mm: max. 250<\/span>[\/vc_column_text][vc_empty_space][\/vc_column][vc_column width=&#8221;1\/2&#8243;][vc_single_image image=&#8221;17065&#8243; img_size=&#8221;large&#8221; alignment=&#8221;right&#8221; qode_css_animation=&#8221;&#8221;][\/vc_column][\/vc_row][vc_row css_animation=&#8221;&#8221; row_type=&#8221;row&#8221; use_row_as_full_screen_section=&#8221;no&#8221; type=&#8221;full_width&#8221; angled_section=&#8221;no&#8221; text_align=&#8221;left&#8221; background_image_as_pattern=&#8221;without_pattern&#8221;][vc_column][vc_separator type=&#8221;normal&#8221; up=&#8221;40&#8243; down=&#8221;40&#8243;][\/vc_column][\/vc_row][vc_row css_animation=&#8221;&#8221; row_type=&#8221;row&#8221; use_row_as_full_screen_section=&#8221;no&#8221; type=&#8221;full_width&#8221; angled_section=&#8221;no&#8221; text_align=&#8221;left&#8221; background_image_as_pattern=&#8221;without_pattern&#8221;][vc_column width=&#8221;2\/3&#8243;][vc_column_text]<\/p>\n<h3><a href=\"http:\/\/ecofoc.net\/estufasdepiedra\/CATA\u0301LOGO-TULIKIVI.pdf\" target=\"_blank\" rel=\"noopener noreferrer\"><span style=\"color: #ffffff;\">DESCARREGAR CAT\u00c0LEG TULIKIVI<\/span><\/a><\/h3>\n<p>[\/vc_column_text][vc_empty_space][vc_row_inner row_type=&#8221;row&#8221; type=&#8221;full_width&#8221; text_align=&#8221;left&#8221; css_animation=&#8221;&#8221;][vc_column_inner width=&#8221;1\/3&#8243;][vc_single_image image=&#8221;17150&#8243; img_size=&#8221;60&#215;60&#8243; onclick=&#8221;custom_link&#8221; img_link_target=&#8221;_blank&#8221; qode_css_animation=&#8221;&#8221; link=&#8221;http:\/\/ecofoc.net\/estufasdepiedra\/CATA\u0301LOGO-TULIKIVI.pdf&#8221;][\/vc_column_inner][vc_column_inner width=&#8221;1\/3&#8243;]<span data-type=\"normal\"  class=\"qode_icon_shortcode  q_font_awsome_icon fa-4x pull-left \" style=\" \"><a  itemprop=\"url\" href=\"https:\/\/www.tulikivi.com\/en\/Products\/Convection_fireplaces\" target=\"_blank\"><span aria-hidden=\"true\" class=\"qode_icon_font_elegant icon_info_alt qode_icon_element\" style=\"color: #ffffff;\" ><\/span><\/a><\/span>[\/vc_column_inner][vc_column_inner width=&#8221;1\/3&#8243;][\/vc_column_inner][\/vc_row_inner][\/vc_column][vc_column width=&#8221;1\/3&#8243;][\/vc_column][\/vc_row][vc_row css_animation=&#8221;&#8221; row_type=&#8221;row&#8221; use_row_as_full_screen_section=&#8221;no&#8221; type=&#8221;full_width&#8221; angled_section=&#8221;no&#8221; text_align=&#8221;left&#8221; background_image_as_pattern=&#8221;without_pattern&#8221;][vc_column][vc_empty_space][vc_separator type=&#8221;normal&#8221; up=&#8221;40&#8243; down=&#8221;40&#8243;][\/vc_column][\/vc_row][vc_row css_animation=&#8221;&#8221; row_type=&#8221;row&#8221; use_row_as_full_screen_section=&#8221;no&#8221; type=&#8221;full_width&#8221; angled_section=&#8221;no&#8221; text_align=&#8221;left&#8221; background_image_as_pattern=&#8221;without_pattern&#8221; el_id=&#8221;lotus&#8221; z_index=&#8221;&#8221;][vc_column width=&#8221;1\/2&#8243;][vc_single_image image=&#8221;17056&#8243; img_size=&#8221;200&#215;200&#8243; alignment=&#8221;center&#8221; qode_css_animation=&#8221;&#8221;][\/vc_column][vc_column width=&#8221;1\/2&#8243;][\/vc_column][\/vc_row][vc_row css_animation=&#8221;&#8221; row_type=&#8221;row&#8221; use_row_as_full_screen_section=&#8221;no&#8221; type=&#8221;full_width&#8221; angled_section=&#8221;no&#8221; text_align=&#8221;left&#8221; background_image_as_pattern=&#8221;without_pattern&#8221;][vc_column][vc_separator type=&#8221;normal&#8221; up=&#8221;40&#8243; down=&#8221;40&#8243;][vc_column_text]<\/p>\n<h2><span style=\"color: #ffffff;\">Estufes de Pedra Lotus<\/span><\/h2>\n<p>[\/vc_column_text][vc_separator type=&#8221;transparent&#8221; up=&#8221;10&#8243; down=&#8221;10&#8243;][\/vc_column][\/vc_row][vc_row css_animation=&#8221;&#8221; row_type=&#8221;row&#8221; use_row_as_full_screen_section=&#8221;no&#8221; type=&#8221;full_width&#8221; angled_section=&#8221;no&#8221; text_align=&#8221;left&#8221; background_image_as_pattern=&#8221;without_pattern&#8221;][vc_column width=&#8221;1\/2&#8243;]<div class='qode_image_gallery_no_space dark highlight_active'>\n            <div class='qode_image_gallery_holder' style=''>\n                <ul ><li >\n                    <div style=\" width:175px;\"><img decoding=\"async\" itemprop=\"image\" src=\"https:\/\/ecofoc.net\/wp-content\/uploads\/2020\/01\/m4_small.png\" alt=\"\" \/><\/div><\/li><li >\n                    <div style=\" width:175px;\"><img decoding=\"async\" itemprop=\"image\" src=\"https:\/\/ecofoc.net\/wp-content\/uploads\/2020\/01\/qm-40-IN-bagefag-small-1.png\" alt=\"\" \/><\/div><\/li><li >\n                    <div style=\" width:175px;\"><img decoding=\"async\" itemprop=\"image\" src=\"https:\/\/ecofoc.net\/wp-content\/uploads\/2020\/01\/qm-40-IN-small.png\" alt=\"\" \/><\/div><\/li><\/ul>\n          <\/div>\n          <div class='controls'>\n              <a class='prev-slide' href='#'><span><i class='fa fa-angle-left'><\/i><\/span><\/a>\n              <a class='next-slide' href='#'><span><i class='fa fa-angle-right'><\/i><\/span><\/a>\n          <\/div>\n      <\/div>[\/vc_column][vc_column width=&#8221;1\/2&#8243;][vc_column_text]<span style=\"color: #ffffff;\">Les estufes de llenya haurien de ser f\u00e0cils de fer servir, tenir un aspecte bonic i ser respectuoses amb el medi ambient. Per aix\u00f2, Lotus ha decidit donar prioritat a la qualitat i la funcionalitat en relaci\u00f3 tant a la filosofia de disseny com en l&#8217;elecci\u00f3 dels materials.Totes les nostres estufes s\u00f3n provades en instituts d&#8217;assaig acreditats, el que garanteix que els productes Lotus compleixen els requisits mediambientals m\u00e9s estrictes independentment del mercat on es venguin els nostres productes.<br \/>\nLes estufes de llenya Lotus es creen en una estreta col\u00b7laboraci\u00f3 entre arquitectes, dissenyadors, t\u00e8cnics i prove\u00efdors de tot el m\u00f3n. Combinen les tradicions de disseny daneses amb els components de la major qualitat que el m\u00f3n pot oferir. La nostra orientaci\u00f3 \u00e9s internacional i busquem crear productes simples i bonics basats en la tradici\u00f3 i la innovaci\u00f3. La nostra visi\u00f3 es crear un sentit d&#8217;unitat i facilitat d&#8217;\u00fas amb productes complerts que integrin disseny, funcionalitat i una tecnologia excel\u00b7lent. Lotus porta fabricant estufes de qualitat des de 1979 i a l&#8217;actualitat la nostra gamma inclou nombroses s\u00e8ries de disseny \u00fanic d&#8217;estufes de llenya, estufes d&#8217;acumulaci\u00f3 de calor i insertables de xemeneia. Sempre podreu trobar l&#8217;estufa o insertable ideal per a casa vostra, i per a les necessitats de la seva fam\u00edlia, i gaudir el temps en companyia dels seus amb l&#8217;escalfor de les flames que dansen.<\/span>[\/vc_column_text][vc_empty_space][\/vc_column][\/vc_row][vc_row css_animation=&#8221;&#8221; row_type=&#8221;row&#8221; use_row_as_full_screen_section=&#8221;no&#8221; type=&#8221;full_width&#8221; angled_section=&#8221;no&#8221; text_align=&#8221;left&#8221; background_image_as_pattern=&#8221;without_pattern&#8221;][vc_column][vc_separator type=&#8221;normal&#8221; up=&#8221;40&#8243; down=&#8221;40&#8243;][\/vc_column][\/vc_row][vc_row css_animation=&#8221;&#8221; row_type=&#8221;row&#8221; use_row_as_full_screen_section=&#8221;no&#8221; type=&#8221;full_width&#8221; angled_section=&#8221;no&#8221; text_align=&#8221;left&#8221; background_image_as_pattern=&#8221;without_pattern&#8221;][vc_column width=&#8221;2\/3&#8243;][vc_column_text]<\/p>\n<h3><a href=\"http:\/\/ecofoc.net\/estufasdepiedra\/CAT\u00c1LOGO%20LOTUS%20ESPA\u00d1OL.pdf\" target=\"_blank\" rel=\"noopener noreferrer\"><span style=\"color: #ffffff;\">DESCARREGAR CAT\u00c0LEG LOTUS<\/span><\/a><\/h3>\n<p>[\/vc_column_text][vc_empty_space][vc_single_image image=&#8221;17150&#8243; img_size=&#8221;60&#215;60&#8243; onclick=&#8221;custom_link&#8221; img_link_target=&#8221;_blank&#8221; qode_css_animation=&#8221;&#8221; link=&#8221;http:\/\/ecofoc.net\/estufasdepiedra\/CAT\u00c1LOGO%20LOTUS%20ESPA\u00d1OL.pdf&#8221;][\/vc_column][vc_column width=&#8221;1\/3&#8243;][\/vc_column][\/vc_row][vc_row css_animation=&#8221;&#8221; row_type=&#8221;row&#8221; use_row_as_full_screen_section=&#8221;no&#8221; type=&#8221;full_width&#8221; angled_section=&#8221;no&#8221; text_align=&#8221;left&#8221; background_image_as_pattern=&#8221;without_pattern&#8221;][vc_column][vc_separator type=&#8221;transparent&#8221; up=&#8221;10&#8243; down=&#8221;10&#8243;][\/vc_column][\/vc_row]<\/p>\n<\/div>","protected":false},"excerpt":{"rendered":"<p>[vc_row css_animation=&#8221;&#8221; row_type=&#8221;row&#8221; use_row_as_full_screen_section=&#8221;no&#8221; type=&#8221;full_width&#8221; angled_section=&#8221;no&#8221; text_align=&#8221;left&#8221; background_image_as_pattern=&#8221;without_pattern&#8221;][vc_column width=&#8221;1\/2&#8243;][vc_single_image image=&#8221;17042&#8243; img_size=&#8221;large&#8221; alignment=&#8221;right&#8221; qode_css_animation=&#8221;&#8221;][\/vc_column][vc_column width=&#8221;1\/2&#8243;][vc_column_text] Estufes de Pedra [\/vc_column_text][vc_separator type=&#8221;transparent&#8221; up=&#8221;10&#8243; down=&#8221;10&#8243;][vc_column_text] Ampliem els nostres serveis com especialistes en estufes de massa t\u00e8rmica amb la incorporaci\u00f3 de tot un ventall d&#8217;estufes acumuladores d&#8217;importaci\u00f3 de les principals&#8230;<\/p>\n","protected":false},"author":1,"featured_media":0,"parent":0,"menu_order":0,"comment_status":"closed","ping_status":"closed","template":"","meta":{"footnotes":""},"yst_prominent_words":[642,649,644,648,621,614,641,618,661,623,650,622,615,647,646,620,643,645,619,613],"class_list":["post-17152","page","type-page","status-publish","hentry"],"_links":{"self":[{"href":"https:\/\/ecofoc.net\/ca\/wp-json\/wp\/v2\/pages\/17152","targetHints":{"allow":["GET"]}}],"collection":[{"href":"https:\/\/ecofoc.net\/ca\/wp-json\/wp\/v2\/pages"}],"about":[{"href":"https:\/\/ecofoc.net\/ca\/wp-json\/wp\/v2\/types\/page"}],"author":[{"embeddable":true,"href":"https:\/\/ecofoc.net\/ca\/wp-json\/wp\/v2\/users\/1"}],"replies":[{"embeddable":true,"href":"https:\/\/ecofoc.net\/ca\/wp-json\/wp\/v2\/comments?post=17152"}],"version-history":[{"count":17,"href":"https:\/\/ecofoc.net\/ca\/wp-json\/wp\/v2\/pages\/17152\/revisions"}],"predecessor-version":[{"id":17182,"href":"https:\/\/ecofoc.net\/ca\/wp-json\/wp\/v2\/pages\/17152\/revisions\/17182"}],"wp:attachment":[{"href":"https:\/\/ecofoc.net\/ca\/wp-json\/wp\/v2\/media?parent=17152"}],"wp:term":[{"taxonomy":"yst_prominent_words","embeddable":true,"href":"https:\/\/ecofoc.net\/ca\/wp-json\/wp\/v2\/yst_prominent_words?post=17152"}],"curies":[{"name":"wp","href":"https:\/\/api.w.org\/{rel}","templated":true}]}}