{"id":16507,"date":"2018-02-11T09:51:39","date_gmt":"2018-02-11T09:51:39","guid":{"rendered":"http:\/\/www.ecofoc.net\/?page_id=16507"},"modified":"2018-02-12T17:48:36","modified_gmt":"2018-02-12T17:48:36","slug":"inicio","status":"publish","type":"page","link":"https:\/\/ecofoc.net\/ca\/","title":{"rendered":"Inici"},"content":{"rendered":"<div class=\"wpb-content-wrapper\"><p>[vc_row css_animation=&#8221;element_from_bottom&#8221; row_type=&#8221;row&#8221; use_row_as_full_screen_section=&#8221;no&#8221; type=&#8221;grid&#8221; angled_section=&#8221;no&#8221; text_align=&#8221;center&#8221; background_image_as_pattern=&#8221;without_pattern&#8221; padding_bottom=&#8221;70&#8243; transition_delay=&#8221;0.4&#8243;][vc_column offset=&#8221;vc_col-lg-offset-1 vc_col-lg-10 vc_col-md-offset-1 vc_col-md-10 vc_col-xs-12&#8243;][vc_separator type=&#8221;transparent&#8221; up=&#8221;110&#8243; down=&#8221;0&#8243;][vc_single_image image=&#8221;15443&#8243; img_size=&#8221;full&#8221; alignment=&#8221;center&#8221; qode_css_animation=&#8221;element_from_fade&#8221; transition_delay=&#8221;0.6&#8243;][vc_separator type=&#8221;transparent&#8221; up=&#8221;55&#8243; down=&#8221;0&#8243;][vc_column_text]<\/p>\n<h3 style=\"text-align: center;\">Estufes Ecol\u00f2giques d&#8217;In\u00e8rcia T\u00e8rmica<\/h3>\n<p>[\/vc_column_text][vc_separator type=&#8221;transparent&#8221; up=&#8221;50&#8243; down=&#8221;0&#8243;][vc_row_inner row_type=&#8221;row&#8221; type=&#8221;full_width&#8221; text_align=&#8221;left&#8221; css_animation=&#8221;&#8221;][vc_column_inner width=&#8221;1\/2&#8243;][vc_column_text]Les nostres <strong>estufes d&#8217;in\u00e8rcia t\u00e8rmica<\/strong>\u00a0et<strong>\u00a0<\/strong>permetran estalviar llenya, temps i diners&#8230; para mantenir casa teva en <strong>les millors condicions de\u00a0calefacci\u00f3 durant les 24 hores del dia.<\/strong><\/p>\n<p>&nbsp;<\/p>\n<p>Descobreix els beneficis de la calor per radiaci\u00f3.<\/p>\n<p><strong>Una calor natural. M\u00e9s saludable i confortable.<\/strong>[\/vc_column_text][vc_separator type=&#8221;transparent&#8221; up=&#8221;65&#8243;][\/vc_column_inner][vc_column_inner width=&#8221;1\/2&#8243;][vc_column_text]T&#8217;oferim una <strong>estufa altament eficient\u00a0<\/strong>dissenyada per a fer-te la vida m\u00e9s c\u00f2moda.<\/p>\n<p>Constru\u00efda a ma i amb materials naturals de primera qualitat.<\/p>\n<p>&nbsp;<\/p>\n<p><strong>Amb banc calent i<\/strong><strong>\u00a0forn a llenya incl\u00f2s.<\/strong>[\/vc_column_text][vc_separator type=&#8221;transparent&#8221; up=&#8221;65&#8243;][\/vc_column_inner][\/vc_row_inner][\/vc_column][\/vc_row][vc_row css_animation=&#8221;&#8221; row_type=&#8221;row&#8221; use_row_as_full_screen_section=&#8221;no&#8221; type=&#8221;full_width&#8221; angled_section=&#8221;no&#8221; text_align=&#8221;left&#8221; background_image_as_pattern=&#8221;without_pattern&#8221;][vc_column][vc_separator type=&#8221;transparent&#8221; up=&#8221;65&#8243;][vc_single_image image=&#8221;16282&#8243; img_size=&#8221;full&#8221; alignment=&#8221;center&#8221; qode_css_animation=&#8221;&#8221;][\/vc_column][\/vc_row][vc_row css_animation=&#8221;element_from_bottom&#8221; row_type=&#8221;row&#8221; use_row_as_full_screen_section=&#8221;no&#8221; type=&#8221;grid&#8221; angled_section=&#8221;no&#8221; text_align=&#8221;center&#8221; background_image_as_pattern=&#8221;without_pattern&#8221; padding_top=&#8221;165&#8243; padding_bottom=&#8221;110&#8243; transition_delay=&#8221;0.4&#8243;][vc_column offset=&#8221;vc_col-lg-offset-1 vc_col-lg-10 vc_col-md-offset-1 vc_col-md-10 vc_col-xs-12&#8243;][vc_row_inner row_type=&#8221;row&#8221; type=&#8221;full_width&#8221; text_align=&#8221;center&#8221; css_animation=&#8221;&#8221;][vc_column_inner width=&#8221;1\/4&#8243;][vc_single_image image=&#8221;15443&#8243; img_size=&#8221;full&#8221; alignment=&#8221;center&#8221; qode_css_animation=&#8221;element_from_fade&#8221; transition_delay=&#8221;0.6&#8243;][vc_separator type=&#8221;transparent&#8221; up=&#8221;60&#8243;][vc_column_text]<\/p>\n<h5 style=\"text-align: center;\">Estufes d&#8217;alt rendiment a llenya<\/h5>\n<p>[\/vc_column_text][vc_separator type=&#8221;transparent&#8221; up=&#8221;25&#8243;][vc_column_text]Una c\u00e0rrega al dia per a mantenir la casa calenta 24 hores.[\/vc_column_text][vc_separator type=&#8221;transparent&#8221; up=&#8221;50&#8243;][\/vc_column_inner][vc_column_inner width=&#8221;1\/4&#8243;][vc_single_image image=&#8221;15440&#8243; img_size=&#8221;full&#8221; alignment=&#8221;center&#8221; qode_css_animation=&#8221;element_from_fade&#8221; transition_delay=&#8221;0.2&#8243;][vc_separator type=&#8221;transparent&#8221; up=&#8221;60&#8243;][vc_column_text]<\/p>\n<h5 style=\"text-align: center;\">Materials naturals i ecol\u00f2gics<\/h5>\n<p>[\/vc_column_text][vc_separator type=&#8221;transparent&#8221; up=&#8221;25&#8243;][vc_column_text]Una calefacci\u00f3 eficient, ecol\u00f2gica i sostenible.[\/vc_column_text][vc_separator type=&#8221;transparent&#8221; up=&#8221;50&#8243;][\/vc_column_inner][vc_column_inner width=&#8221;1\/4&#8243;][vc_single_image image=&#8221;15442&#8243; img_size=&#8221;full&#8221; alignment=&#8221;center&#8221; qode_css_animation=&#8221;element_from_fade&#8221; transition_delay=&#8221;0.4&#8243;][vc_separator type=&#8221;transparent&#8221; up=&#8221;60&#8243;][vc_column_text]<\/p>\n<h5 style=\"text-align: center;\">Estalvia en calefacci\u00f3!<\/h5>\n<p>[\/vc_column_text][vc_separator type=&#8221;transparent&#8221; up=&#8221;25&#8243;][vc_column_text]Recupera la teva inversi\u00f3 inicial en un m\u00e0xim de 10 anys.[\/vc_column_text][vc_separator type=&#8221;transparent&#8221; up=&#8221;50&#8243;][\/vc_column_inner][vc_column_inner width=&#8221;1\/4&#8243;][vc_single_image image=&#8221;15444&#8243; img_size=&#8221;full&#8221; alignment=&#8221;center&#8221; qode_css_animation=&#8221;element_from_fade&#8221; transition_delay=&#8221;0.6&#8243;][vc_separator type=&#8221;transparent&#8221; up=&#8221;60&#8243;][vc_column_text]<\/p>\n<h5>Estufes d&#8217;in\u00e8rcia t\u00e8rmica<\/h5>\n<p>[\/vc_column_text][vc_separator type=&#8221;transparent&#8221; up=&#8221;25&#8243;][vc_column_text]Estudiem cada projecte de forma personalitzada.[\/vc_column_text][vc_separator type=&#8221;transparent&#8221; up=&#8221;50&#8243;][\/vc_column_inner][\/vc_row_inner][\/vc_column][\/vc_row][vc_row css_animation=&#8221;&#8221; row_type=&#8221;row&#8221; use_row_as_full_screen_section=&#8221;no&#8221; type=&#8221;full_width&#8221; angled_section=&#8221;no&#8221; text_align=&#8221;left&#8221; background_image_as_pattern=&#8221;without_pattern&#8221;][vc_column width=&#8221;1\/2&#8243;][vc_separator type=&#8221;transparent&#8221; up=&#8221;65&#8243;][vc_single_image image=&#8221;15940&#8243; img_size=&#8221;full&#8221; alignment=&#8221;center&#8221; qode_css_animation=&#8221;&#8221;][\/vc_column][vc_column width=&#8221;1\/2&#8243;][vc_separator type=&#8221;transparent&#8221; up=&#8221;65&#8243;][vc_single_image image=&#8221;16314&#8243; img_size=&#8221;full&#8221; alignment=&#8221;center&#8221; qode_css_animation=&#8221;&#8221;][\/vc_column][\/vc_row]<\/p>\n<\/div>","protected":false},"excerpt":{"rendered":"<p>[vc_row css_animation=&#8221;element_from_bottom&#8221; row_type=&#8221;row&#8221; use_row_as_full_screen_section=&#8221;no&#8221; type=&#8221;grid&#8221; angled_section=&#8221;no&#8221; text_align=&#8221;center&#8221; background_image_as_pattern=&#8221;without_pattern&#8221; padding_bottom=&#8221;70&#8243; transition_delay=&#8221;0.4&#8243;][vc_column offset=&#8221;vc_col-lg-offset-1 vc_col-lg-10 vc_col-md-offset-1 vc_col-md-10 vc_col-xs-12&#8243;][vc_separator type=&#8221;transparent&#8221; up=&#8221;110&#8243; down=&#8221;0&#8243;][vc_single_image image=&#8221;15443&#8243; img_size=&#8221;full&#8221; alignment=&#8221;center&#8221; qode_css_animation=&#8221;element_from_fade&#8221; transition_delay=&#8221;0.6&#8243;][vc_separator type=&#8221;transparent&#8221; up=&#8221;55&#8243; down=&#8221;0&#8243;][vc_column_text] Estufes Ecol\u00f2giques d&#8217;In\u00e8rcia T\u00e8rmica [\/vc_column_text][vc_separator type=&#8221;transparent&#8221; up=&#8221;50&#8243; down=&#8221;0&#8243;][vc_row_inner row_type=&#8221;row&#8221; type=&#8221;full_width&#8221; text_align=&#8221;left&#8221; css_animation=&#8221;&#8221;][vc_column_inner width=&#8221;1\/2&#8243;][vc_column_text]Les nostres estufes d&#8217;in\u00e8rcia t\u00e8rmica\u00a0et\u00a0permetran estalviar llenya,&#8230;<\/p>\n","protected":false},"author":2,"featured_media":0,"parent":0,"menu_order":0,"comment_status":"open","ping_status":"open","template":"full_width.php","meta":{"footnotes":""},"yst_prominent_words":[],"class_list":["post-16507","page","type-page","status-publish","hentry"],"_links":{"self":[{"href":"https:\/\/ecofoc.net\/ca\/wp-json\/wp\/v2\/pages\/16507","targetHints":{"allow":["GET"]}}],"collection":[{"href":"https:\/\/ecofoc.net\/ca\/wp-json\/wp\/v2\/pages"}],"about":[{"href":"https:\/\/ecofoc.net\/ca\/wp-json\/wp\/v2\/types\/page"}],"author":[{"embeddable":true,"href":"https:\/\/ecofoc.net\/ca\/wp-json\/wp\/v2\/users\/2"}],"replies":[{"embeddable":true,"href":"https:\/\/ecofoc.net\/ca\/wp-json\/wp\/v2\/comments?post=16507"}],"version-history":[{"count":4,"href":"https:\/\/ecofoc.net\/ca\/wp-json\/wp\/v2\/pages\/16507\/revisions"}],"predecessor-version":[{"id":16539,"href":"https:\/\/ecofoc.net\/ca\/wp-json\/wp\/v2\/pages\/16507\/revisions\/16539"}],"wp:attachment":[{"href":"https:\/\/ecofoc.net\/ca\/wp-json\/wp\/v2\/media?parent=16507"}],"wp:term":[{"taxonomy":"yst_prominent_words","embeddable":true,"href":"https:\/\/ecofoc.net\/ca\/wp-json\/wp\/v2\/yst_prominent_words?post=16507"}],"curies":[{"name":"wp","href":"https:\/\/api.w.org\/{rel}","templated":true}]}}