{"id":16500,"date":"2018-02-10T21:15:37","date_gmt":"2018-02-10T21:15:37","guid":{"rendered":"http:\/\/www.ecofoc.net\/?page_id=16500"},"modified":"2018-02-11T09:02:47","modified_gmt":"2018-02-11T09:02:47","slug":"com-funcionen","status":"publish","type":"page","link":"https:\/\/ecofoc.net\/ca\/com-funcionen\/","title":{"rendered":"Com Funcionen?"},"content":{"rendered":"<div class=\"wpb-content-wrapper\"><p>[vc_row css_animation=&#8221;&#8221; row_type=&#8221;row&#8221; use_row_as_full_screen_section=&#8221;no&#8221; type=&#8221;full_width&#8221; angled_section=&#8221;no&#8221; text_align=&#8221;left&#8221; background_image_as_pattern=&#8221;without_pattern&#8221;][vc_column][vc_column_text]<\/p>\n<h2>Com Funcionen las Estufes de massa t\u00e8rmica?<\/h2>\n<p>[\/vc_column_text][vc_column_text]<strong>Un foc al dia es suficient per a mantenir la casa calenta durant tota la jornada.<\/strong><\/p>\n<p>Gracies a la seva entrega de calor por radiaci\u00f3 aconseguim mantenir <strong>una calor m\u00e9s sana, m\u00e9s acollidora i m\u00e9s confortable<\/strong> durant les 24 hores.[\/vc_column_text]<div class=\"qode-workflow  qode-workflow-animate\">\n    <span class=\"main-line\" style=\"\"><\/span>\n    <div class=\"qode-workflow-item\">\n    <span class=\"line\" style=\"\"><\/span>\n    <div class=\"qode-workflow-item-inner reverse\">\n        <div class=\"qode-workflow-image center\">\n            <img loading=\"lazy\" decoding=\"async\" width=\"1044\" height=\"659\" src=\"https:\/\/ecofoc.net\/wp-content\/uploads\/2017\/11\/1carrega-ecofoc.png\" class=\"attachment-full size-full\" alt=\"\" srcset=\"https:\/\/ecofoc.net\/wp-content\/uploads\/2017\/11\/1carrega-ecofoc.png 1044w, https:\/\/ecofoc.net\/wp-content\/uploads\/2017\/11\/1carrega-ecofoc-300x189.png 300w, https:\/\/ecofoc.net\/wp-content\/uploads\/2017\/11\/1carrega-ecofoc-768x485.png 768w, https:\/\/ecofoc.net\/wp-content\/uploads\/2017\/11\/1carrega-ecofoc-1024x646.png 1024w, https:\/\/ecofoc.net\/wp-content\/uploads\/2017\/11\/1carrega-ecofoc-700x442.png 700w\" sizes=\"auto, (max-width: 1044px) 100vw, 1044px\" \/>        <\/div>\n        <div class=\"qode-workflow-text\">\n            <span class=\"circle\" style=\"border-color:#565656;\"><\/span>\n                            <h3>Una combusti\u00f3 neta i eficient<\/h3>\n                                        <h6 class=\"qode-workflow-subtitle\">estufes d&#039;alt rendiment<\/h6>\n                                        <p class=\"text\">Una c\u00e0rrega entre 8 i 15 Kg de llenya molt seca. Una combusti\u00f3 molt intensa amb l'objectiu d'arribar r\u00e0pidament a altes temperatures permet aprofitar al m\u00e0xim el rendiment de la c\u00e0rrega i reduir las emissions.<\/p>\n                    <\/div>\n    <\/div>\n<\/div><div class=\"qode-workflow-item\">\n    <span class=\"line\" style=\"\"><\/span>\n    <div class=\"qode-workflow-item-inner reverse\">\n        <div class=\"qode-workflow-image left\">\n            <img loading=\"lazy\" decoding=\"async\" width=\"597\" height=\"740\" src=\"https:\/\/ecofoc.net\/wp-content\/uploads\/2017\/11\/grafic2.jpg\" class=\"attachment-full size-full\" alt=\"\" srcset=\"https:\/\/ecofoc.net\/wp-content\/uploads\/2017\/11\/grafic2.jpg 597w, https:\/\/ecofoc.net\/wp-content\/uploads\/2017\/11\/grafic2-242x300.jpg 242w\" sizes=\"auto, (max-width: 597px) 100vw, 597px\" \/>        <\/div>\n        <div class=\"qode-workflow-text\">\n            <span class=\"circle\" style=\"\"><\/span>\n                            <h3>Acumulaci\u00f3 de calor<\/h3>\n                                        <h6 class=\"qode-workflow-subtitle\">alt rendiment<\/h6>\n                                        <p class=\"text\">El fum circula por l'interior de l'estufa abans de trobar la sortida per la xemeneia. Escalfant les parets de l'estufa i acumulant aix\u00ed una gran quantitat de calor a l' interior de la casa. A l' acabar el foc cal tancar la guillotina del tiratge de la xemeneia evitant la p\u00e8rdua de calor de l'interior de la casa.<\/p>\n                    <\/div>\n    <\/div>\n<\/div><div class=\"qode-workflow-item\">\n    <span class=\"line\" style=\"\"><\/span>\n    <div class=\"qode-workflow-item-inner reverse\">\n        <div class=\"qode-workflow-image center\">\n            <img loading=\"lazy\" decoding=\"async\" width=\"707\" height=\"656\" src=\"https:\/\/ecofoc.net\/wp-content\/uploads\/2018\/01\/grafics2.jpg\" class=\"attachment-full size-full\" alt=\"\" \/>        <\/div>\n        <div class=\"qode-workflow-text\">\n            <span class=\"circle\" style=\"\"><\/span>\n                            <h3>Calor radiant 24 h<\/h3>\n                                        <h6 class=\"qode-workflow-subtitle\">estufes d&#039;alt rendiment<\/h6>\n                                        <p class=\"text\">La calor acumulada s'entrega a la casa per radiaci\u00f3 d'una forma amable i constant durant llargues hores despr\u00e9s de cada foc. Oferint una gran estabilitat de la temperatura al llarg del dia. Una calor ambiental, m\u00e9s agradable, acollidora i saludable.<\/p>\n                    <\/div>\n    <\/div>\n<\/div><div class=\"qode-workflow-item\">\n    <span class=\"line\" style=\"\"><\/span>\n    <div class=\"qode-workflow-item-inner reverse\">\n        <div class=\"qode-workflow-image center\">\n            <img loading=\"lazy\" decoding=\"async\" width=\"1200\" height=\"839\" src=\"https:\/\/ecofoc.net\/wp-content\/uploads\/2017\/11\/grafics-2cast1.jpg\" class=\"attachment-full size-full\" alt=\"\" srcset=\"https:\/\/ecofoc.net\/wp-content\/uploads\/2017\/11\/grafics-2cast1.jpg 1200w, https:\/\/ecofoc.net\/wp-content\/uploads\/2017\/11\/grafics-2cast1-300x210.jpg 300w, https:\/\/ecofoc.net\/wp-content\/uploads\/2017\/11\/grafics-2cast1-768x537.jpg 768w, https:\/\/ecofoc.net\/wp-content\/uploads\/2017\/11\/grafics-2cast1-1024x716.jpg 1024w, https:\/\/ecofoc.net\/wp-content\/uploads\/2017\/11\/grafics-2cast1-700x489.jpg 700w\" sizes=\"auto, (max-width: 1200px) 100vw, 1200px\" \/>        <\/div>\n        <div class=\"qode-workflow-text\">\n            <span class=\"circle\" style=\"\"><\/span>\n                            <h3>In\u00e8rcia t\u00e8rmica<\/h3>\n                                        <h6 class=\"qode-workflow-subtitle\">estufes d&#039;alt rendiment<\/h6>\n                                        <p class=\"text\">Mitjan\u00e7ant focs intermitents s'aconsegueix crear una in\u00e8rcia t\u00e8rmica a l'interior de la casa i mantenir unes condiciones altament confortables durant tot el dia amb el m\u00ednim consum de llenya.<\/p>\n                    <\/div>\n    <\/div>\n<\/div><\/div>[vc_row_inner row_type=&#8221;row&#8221; type=&#8221;full_width&#8221; text_align=&#8221;left&#8221; css_animation=&#8221;&#8221;][vc_column_inner][vc_separator type=&#8221;normal&#8221; transparency=&#8221;0&#8243; down=&#8221;40&#8243;][vc_column_text]<\/p>\n<h2>Preguntes Freq\u00fcents<\/h2>\n<p>[\/vc_column_text][\/vc_column_inner][\/vc_row_inner][vc_separator type=&#8221;normal&#8221; down=&#8221;40px&#8221;][vc_row_inner row_type=&#8221;row&#8221; type=&#8221;full_width&#8221; text_align=&#8221;left&#8221; css_animation=&#8221;&#8221;][vc_column_inner width=&#8221;1\/2&#8243;][vc_column_text]<\/p>\n<h4>Pot\u00e8ncia&#8230;. es possible escalfar tota una casa amb una estufa de massa t\u00e8rmica?<\/h4>\n<p>Si, incl\u00fas als paisos n\u00f2rdics.<\/p>\n<p>Les dimensions de l&#8217;estufa i la seva situaci\u00f3 s\u00f3n dos elements molt importants per una bona difusi\u00f3 de la calor en el conjunt de la casa. Am\u00e9s hem de tenir en compte les condicions en a\u00efllants, la qualitat dels tancaments, la distribuci\u00f3 i el l&#8217;\u00fas dels espais&#8230;<\/p>\n<p>Durant els nostres projectes os oferim un servei d&#8217;assessoria complert. Diferents opcions i pressupostos amb l&#8217;objectiu d&#8217;ajudar-vos a decidir l&#8217;estufa que millor s&#8217;adapta a las necessitats de casa vostra.[\/vc_column_text][\/vc_column_inner][vc_column_inner width=&#8221;1\/2&#8243;][vc_single_image image=&#8221;16376&#8243; img_size=&#8221;large&#8221; alignment=&#8221;center&#8221; qode_css_animation=&#8221;&#8221;][\/vc_column_inner][\/vc_row_inner][\/vc_column][\/vc_row][vc_row css_animation=&#8221;&#8221; row_type=&#8221;row&#8221; use_row_as_full_screen_section=&#8221;no&#8221; type=&#8221;full_width&#8221; angled_section=&#8221;no&#8221; text_align=&#8221;left&#8221; background_image_as_pattern=&#8221;without_pattern&#8221;][vc_column][vc_column_text]<\/p>\n<h4>Xemeneia&#8230; quin tipus de sortida de fums necessiten ?<\/h4>\n<p>Les nostres estufes necessiten una sortida de fums de entre 15 i 20 cm de di\u00e0metre segons el model.<\/p>\n<p>Com a requisit imprescindible per la construcci\u00f3 d&#8217;una estufa el conducte de xemeneia ha d&#8217;estar certificat i d&#8217;acord amb les normes de seguretat.<\/p>\n<p>Els preus de les estufes nom\u00e9s inclouen els dos primers metres de xemeneia al costat de l&#8217;estufa. A partir d&#8217;aquest punt si cal instal\u00b7lar un nou conducte de xemeneia aquest s&#8217;especificar\u00e0 en un pressupost a part.<\/p>\n<h4><\/h4>\n<h4>La llenya&#8230; quin tipus de llenya es pot cremar en aquestes estufes ?<\/h4>\n<p>Qualsevol tipus de llenya natural es v\u00e0lida para cremar a les nostres estufes.<\/p>\n<p>A condici\u00f3 d&#8217;estar ben seca ( m\u00e0xim 20 % d&#8217;humitat)<\/p>\n<p>Equivalent a un parell d&#8217;anys en unes bones condicions de secat.<\/p>\n<p>A la Mida com\u00fa: entre 40 y 45 cm de llarg<\/p>\n<p>Di\u00e0metre recomest: de 8 a 10 cm.<\/p>\n<p>&nbsp;<\/p>\n<h4>Manteniment&#8230; quin manteniment necessita una estufa ?<\/h4>\n<p>Les nostres estufes estan dissenyades per poder fer el manteniment anual d&#8217;una forma neta i senzilla.<\/p>\n<p>Disposen de registres per la neteja des canals de fums i per la xemeneia.<\/p>\n<p>Cal buidar el cendrer de 2 a 3 vegades al mes.<\/p>\n<p>De tant en tant s&#8217;ha de netejar el vidre per a gaudir d&#8217;una millor visi\u00f3 del foc.<\/p>\n<p>Oferim una garantia professional de construcci\u00f3 sota les condicions especificades en el nostre manual d&#8217;\u00fas de les estufes Ecofoc.<\/p>\n<p>&nbsp;<\/p>\n<h4>Consum i economia&#8230;. com es recupera la inversi\u00f3 econ\u00f2mica inicial ?<\/h4>\n<p>L&#8217;estufa recupera la inversi\u00f3 mitjan\u00e7ant l&#8217;estalvi de combustible en un per\u00edode entre 5 i 10 anys segons cada cas.<\/p>\n<p>Habitualment les nostres estufes cremen de mitjana entre 12 i 15 Kg de llenya al dia. Per tant parlem d&#8217;un consum estimat d&#8217;uns 500 Kg al mes.<\/p>\n<p>A una mitja de 120 \u20ac per tona de llenya, estem parlant d&#8217;un consum entre 50 i 60 \u20ac al mes, per escalfar confortablement una casa d&#8217;uns 100 m2 \u00a0durant las 24 hores del dia. Depenent de la qualitat en a\u00efllants de la casa.<\/p>\n<p>Depenent de la zona clim\u00e0tica, la necessitat de calefacci\u00f3 variar\u00e0 de 3 a 6 mesos a l&#8217;any. A m\u00e9s \u00fas de l&#8217;estufa m\u00e9s r\u00e0pid es recupera la inversi\u00f3.<\/p>\n<p>&nbsp;<\/p>\n<h4>Preus&#8230; quins preus tenen les estufes ?<\/h4>\n<p>Depenent del tipus d&#8217;estufa els nostres preus es mouen entre 3500 i 7000 \u20ac amb Iva incl\u00f2s.<\/p>\n<p>Al tractar-se de projectes personalitzats in situ, os presentem un pressupost concret al avan\u00e7ar en la primera fase de disseny conjunt de l&#8217;estufa a construir.<\/p>\n<p>Si el projecte inclou altres elements constructius com la instal\u00b7laci\u00f3 del conducte de xemeneia, la fonamentaci\u00f3, entre altres possibilitats&#8230;aquests s&#8217;afegeixen al preu de l&#8217;estufa i s&#8217;especifiquen en un pressupost a part.<\/p>\n<p>&nbsp;<\/p>\n<h4>Construcci\u00f3&#8230;. quan temps es necessita per construir una estufa ?<\/h4>\n<p>Habitualment de 5 a 12 dies segons el model d&#8217;estufa i el tipus d&#8217;acabats.<\/p>\n<p>&nbsp;<\/p>\n<h4>Es poden visitar aquestes estufes?<\/h4>\n<p>Es possible visitar estufes constru\u00efdes per Ecofoc en diferents domicilis i localitats geogr\u00e0fiques.<\/p>\n<p>En cas d&#8217;estar interessats podeu contactar amb nosaltres i ens encarregarem d&#8217;organitzar la vista.<\/p>\n<p>&nbsp;<\/p>\n<h4>Necessiten electricitat per funcionar aquestes estufes ?<\/h4>\n<p>No, son totalment Aut\u00f2nomes en aquest sentit. Poden seguir escalfant la casa en cas de ocasionals talls de llum.<\/p>\n<p>&nbsp;<\/p>\n<h4>Es pot escalfar aigua amb las estufes de massa t\u00e8rmica ?<\/h4>\n<p>Si, es possible complementar la majoria de les nostres estufes amb un intercambiador de calor per escalfar aigua.<\/p>\n<p>Aproximadament un 10 % de la calor acumulada es pot transportar mitjan\u00e7ant aigua calenta i servir aix\u00ed de suport per els sistema de ACS de la casa.<\/p>\n<p>Per la nostra part aquesta instal\u00b7laci\u00f3 es limita a la sortida dels tubs en el lateral de l&#8217;estufa. La resta de la instal\u00b7laci\u00f3 ha de c\u00f3rrer a c\u00e0rrec d&#8217;un instal\u00b7lador autorizat.<\/p>\n<p>&nbsp;<\/p>\n<h4>By pass de xemeneia ?<\/h4>\n<p>Les nostres estufes normalment disposen d&#8217;un by-pass de xemeneia.<\/p>\n<p>Consisteix en un recorregut curt per a la sortida dels fums cap a la xemeneia que permet controlar el tiratge i assegurar l&#8217;encesa de l&#8217;estufa sense fum.<\/p>\n<p>Esta pensat sobretot per facilitar les primeres enceses de l&#8217;any, quan les temperatures exteriors no son especialment baixes i\/o l&#8217;estufa encara no esta en ple funcionament.[\/vc_column_text][vc_separator type=&#8221;normal&#8221; transparency=&#8221;0&#8243; up=&#8221;40px&#8221; down=&#8221;40px&#8221;][\/vc_column][\/vc_row]<\/p>\n<\/div>","protected":false},"excerpt":{"rendered":"<p>[vc_row css_animation=&#8221;&#8221; row_type=&#8221;row&#8221; use_row_as_full_screen_section=&#8221;no&#8221; type=&#8221;full_width&#8221; angled_section=&#8221;no&#8221; text_align=&#8221;left&#8221; background_image_as_pattern=&#8221;without_pattern&#8221;][vc_column][vc_column_text] Com Funcionen las Estufes de massa t\u00e8rmica? [\/vc_column_text][vc_column_text]Un foc al dia es suficient per a mantenir la casa calenta durant tota la jornada. Gracies a la seva entrega de calor por radiaci\u00f3 aconseguim mantenir una calor m\u00e9s&#8230;<\/p>\n","protected":false},"author":2,"featured_media":0,"parent":0,"menu_order":0,"comment_status":"closed","ping_status":"closed","template":"","meta":{"footnotes":""},"yst_prominent_words":[],"class_list":["post-16500","page","type-page","status-publish","hentry"],"_links":{"self":[{"href":"https:\/\/ecofoc.net\/ca\/wp-json\/wp\/v2\/pages\/16500","targetHints":{"allow":["GET"]}}],"collection":[{"href":"https:\/\/ecofoc.net\/ca\/wp-json\/wp\/v2\/pages"}],"about":[{"href":"https:\/\/ecofoc.net\/ca\/wp-json\/wp\/v2\/types\/page"}],"author":[{"embeddable":true,"href":"https:\/\/ecofoc.net\/ca\/wp-json\/wp\/v2\/users\/2"}],"replies":[{"embeddable":true,"href":"https:\/\/ecofoc.net\/ca\/wp-json\/wp\/v2\/comments?post=16500"}],"version-history":[{"count":3,"href":"https:\/\/ecofoc.net\/ca\/wp-json\/wp\/v2\/pages\/16500\/revisions"}],"predecessor-version":[{"id":16503,"href":"https:\/\/ecofoc.net\/ca\/wp-json\/wp\/v2\/pages\/16500\/revisions\/16503"}],"wp:attachment":[{"href":"https:\/\/ecofoc.net\/ca\/wp-json\/wp\/v2\/media?parent=16500"}],"wp:term":[{"taxonomy":"yst_prominent_words","embeddable":true,"href":"https:\/\/ecofoc.net\/ca\/wp-json\/wp\/v2\/yst_prominent_words?post=16500"}],"curies":[{"name":"wp","href":"https:\/\/api.w.org\/{rel}","templated":true}]}}