{"id":16493,"date":"2018-02-10T17:33:18","date_gmt":"2018-02-10T17:33:18","guid":{"rendered":"http:\/\/www.ecofoc.net\/?page_id=16493"},"modified":"2018-02-12T15:35:48","modified_gmt":"2018-02-12T15:35:48","slug":"cuines-economiques","status":"publish","type":"page","link":"https:\/\/ecofoc.net\/ca\/cuines-economiques\/","title":{"rendered":"Cuines Econ\u00f2miques"},"content":{"rendered":"<div class=\"wpb-content-wrapper\"><p>[vc_row css_animation=&#8221;&#8221; row_type=&#8221;row&#8221; use_row_as_full_screen_section=&#8221;no&#8221; type=&#8221;full_width&#8221; angled_section=&#8221;no&#8221; text_align=&#8221;left&#8221; background_image_as_pattern=&#8221;without_pattern&#8221;][vc_column width=&#8221;1\/2&#8243;][vc_column_text]<\/p>\n<h2>Cuines econ\u00f2miques de massa t\u00e9rmica<\/h2>\n<p>[\/vc_column_text][vc_separator type=&#8221;normal&#8221; up=&#8221;40&#8243; down=&#8221;40&#8243;][vc_column_text]Les nostres<strong>\u00a0Cuines econ\u00f2miques de Massa T\u00e8rmica<\/strong>\u00a0distribueixen amb eleg\u00e0ncia espais de cuina i sala d&#8217;estar..<\/p>\n<p>&nbsp;<\/p>\n<p>Al ser un producte fet a mida son molt flexibles en la forma, disseny i la distribuci\u00f3 dels <strong>bancs calents. <\/strong>[\/vc_column_text][\/vc_column][vc_column width=&#8221;1\/2&#8243;][vc_single_image image=&#8221;15941&#8243; img_size=&#8221;large&#8221; alignment=&#8221;right&#8221; qode_css_animation=&#8221;&#8221;][\/vc_column][\/vc_row][vc_row css_animation=&#8221;&#8221; row_type=&#8221;row&#8221; use_row_as_full_screen_section=&#8221;no&#8221; type=&#8221;full_width&#8221; angled_section=&#8221;no&#8221; text_align=&#8221;left&#8221; background_image_as_pattern=&#8221;without_pattern&#8221;][vc_column][vc_separator type=&#8221;normal&#8221; transparency=&#8221;0&#8243; up=&#8221;40&#8243; down=&#8221;40&#8243;][\/vc_column][\/vc_row][vc_row css_animation=&#8221;&#8221; row_type=&#8221;row&#8221; use_row_as_full_screen_section=&#8221;no&#8221; type=&#8221;full_width&#8221; angled_section=&#8221;no&#8221; text_align=&#8221;left&#8221; background_image_as_pattern=&#8221;without_pattern&#8221;][vc_column width=&#8221;1\/2&#8243;][vc_column_text]Depenent de l&#8217;espai a escalfar ens adaptem a diferents tipus de mides:<\/p>\n<p>&nbsp;<\/p>\n<ul>\n<li>cuines econ\u00f2miques petites<\/li>\n<li>cuines econ\u00f2miques mitjanes mitjanes<\/li>\n<li>cuines econ\u00f2miques grans<\/li>\n<li>cuines econ\u00f2miques amb doble porta de foc<\/li>\n<\/ul>\n<p>&nbsp;<\/p>\n<p>Mides: 90 cm (profunditat) x 90 cm (al\u00e7ada) x 100 -160 cm (ample)<\/p>\n<p>Segons les caracter\u00edstiques de cada projecte.[\/vc_column_text][vc_column_text]<\/p>\n<h3><strong>Preu de 5000 a 7000 \u20ac<\/strong><\/h3>\n<p>[\/vc_column_text][\/vc_column][vc_column width=&#8221;1\/2&#8243;][vc_single_image image=&#8221;15381&#8243; img_size=&#8221;large&#8221; alignment=&#8221;right&#8221; qode_css_animation=&#8221;&#8221;][\/vc_column][\/vc_row][vc_row css_animation=&#8221;&#8221; row_type=&#8221;row&#8221; use_row_as_full_screen_section=&#8221;no&#8221; type=&#8221;full_width&#8221; angled_section=&#8221;no&#8221; text_align=&#8221;left&#8221; background_image_as_pattern=&#8221;without_pattern&#8221;][vc_column][vc_separator type=&#8221;normal&#8221; up=&#8221;40&#8243; down=&#8221;40&#8243;][\/vc_column][\/vc_row][vc_row css_animation=&#8221;&#8221; row_type=&#8221;row&#8221; use_row_as_full_screen_section=&#8221;no&#8221; type=&#8221;full_width&#8221; angled_section=&#8221;no&#8221; text_align=&#8221;left&#8221; background_image_as_pattern=&#8221;without_pattern&#8221;][vc_column width=&#8221;1\/2&#8243;]<blockquote class=' with_quote_icon' style=''><i class='fa fa-quote-right' style=''><\/i><h5 class='blockquote-text' style=''>Tenen una resposta r\u00e0pida en l'entrega del calor.<\/h5><\/blockquote><blockquote class=' with_quote_icon' style=''><i class='fa fa-quote-right' style=''><\/i><h5 class='blockquote-text' style=''>Amb una al\u00e7ada de 90 cm que permet cuinar amb comoditat i adaptar-les a la resta de mobles de la cuina.<\/h5><\/blockquote>[vc_separator type=&#8221;normal&#8221; up=&#8221;40&#8243; down=&#8221;40&#8243;][\/vc_column][vc_column width=&#8221;1\/2&#8243;]<blockquote class=' with_quote_icon' style=''><i class='fa fa-quote-right' style=''><\/i><h5 class='blockquote-text' style=''>La cambra de combusti\u00f3 es pot utilitzar com a forn<\/h5><\/blockquote><blockquote class=' with_quote_icon' style=''><i class='fa fa-quote-right' style=''><\/i><h5 class='blockquote-text' style=''>Estufa d'in\u00e8rcia t\u00e8rmica i cuina econ\u00f2mica en un sol espai.<\/h5><\/blockquote>[vc_separator type=&#8221;normal&#8221; up=&#8221;40&#8243; down=&#8221;40&#8243;][\/vc_column][\/vc_row][vc_row css_animation=&#8221;&#8221; row_type=&#8221;row&#8221; use_row_as_full_screen_section=&#8221;no&#8221; type=&#8221;full_width&#8221; angled_section=&#8221;no&#8221; text_align=&#8221;left&#8221; background_image_as_pattern=&#8221;without_pattern&#8221;][vc_column width=&#8221;1\/2&#8243;][vc_single_image image=&#8221;15937&#8243; img_size=&#8221;large&#8221; alignment=&#8221;right&#8221; qode_css_animation=&#8221;&#8221;][\/vc_column][vc_column width=&#8221;1\/2&#8243;][vc_single_image image=&#8221;15878&#8243; img_size=&#8221;large&#8221; alignment=&#8221;right&#8221; qode_css_animation=&#8221;&#8221;][\/vc_column][\/vc_row][vc_row css_animation=&#8221;&#8221; row_type=&#8221;row&#8221; use_row_as_full_screen_section=&#8221;no&#8221; type=&#8221;full_width&#8221; angled_section=&#8221;no&#8221; text_align=&#8221;left&#8221; background_image_as_pattern=&#8221;without_pattern&#8221;][vc_column][vc_separator type=&#8221;normal&#8221; up=&#8221;40&#8243; down=&#8221;40&#8243;][\/vc_column][\/vc_row][vc_row css_animation=&#8221;&#8221; row_type=&#8221;row&#8221; use_row_as_full_screen_section=&#8221;no&#8221; type=&#8221;full_width&#8221; angled_section=&#8221;no&#8221; text_align=&#8221;left&#8221; background_image_as_pattern=&#8221;without_pattern&#8221;][vc_column][vc_separator type=&#8221;normal&#8221; up=&#8221;40&#8243; down=&#8221;40&#8243;][\/vc_column][\/vc_row][vc_row css_animation=&#8221;&#8221; row_type=&#8221;row&#8221; use_row_as_full_screen_section=&#8221;no&#8221; type=&#8221;full_width&#8221; angled_section=&#8221;no&#8221; text_align=&#8221;left&#8221; background_image_as_pattern=&#8221;without_pattern&#8221;][vc_column][vc_column_text]<\/p>\n<h4>\u00daltims projectes de\u00a0<strong>Cuines Econ\u00f2miques de massa t\u00e8rmica<\/strong><\/h4>\n<p>[\/vc_column_text][vc_separator type=&#8221;transparent&#8221; up=&#8221;20&#8243; down=&#8221;20&#8243;]<div class='portfolio_slider_holder clearfix'><div class='portfolio_slider'  data-number_of_items='5'  ><ul class='portfolio_slides'><li class='item'><div class='image_holder'><span class='image'><span class='image_pixel_hover'><\/span><a itemprop='url' href='https:\/\/ecofoc.net\/ca\/portfolio_page\/cuina-economica-llenya-cadiz\/' target='_self'><img loading=\"lazy\" decoding=\"async\" width=\"570\" height=\"570\" src=\"https:\/\/ecofoc.net\/wp-content\/uploads\/2018\/01\/estufa-Ecofoc-St.Daniel-2-570x570.jpg\" class=\"attachment-portfolio-square size-portfolio-square wp-post-image\" alt=\"\" srcset=\"https:\/\/ecofoc.net\/wp-content\/uploads\/2018\/01\/estufa-Ecofoc-St.Daniel-2-570x570.jpg 570w, https:\/\/ecofoc.net\/wp-content\/uploads\/2018\/01\/estufa-Ecofoc-St.Daniel-2-150x150.jpg 150w, https:\/\/ecofoc.net\/wp-content\/uploads\/2018\/01\/estufa-Ecofoc-St.Daniel-2-180x180.jpg 180w, https:\/\/ecofoc.net\/wp-content\/uploads\/2018\/01\/estufa-Ecofoc-St.Daniel-2-300x300.jpg 300w, https:\/\/ecofoc.net\/wp-content\/uploads\/2018\/01\/estufa-Ecofoc-St.Daniel-2-600x600.jpg 600w, https:\/\/ecofoc.net\/wp-content\/uploads\/2018\/01\/estufa-Ecofoc-St.Daniel-2-500x500.jpg 500w, https:\/\/ecofoc.net\/wp-content\/uploads\/2018\/01\/estufa-Ecofoc-St.Daniel-2-1000x1000.jpg 1000w\" sizes=\"auto, (max-width: 570px) 100vw, 570px\" \/><\/a><\/span><div class='hover_feature_holder'><div class=\"hover_feature_holder_outer\"><div class=\"hover_feature_holder_inner\"><h2 itemprop=\"name\" class=\"portfolio_title entry_title\"><a itemprop=\"url\" href=\"https:\/\/ecofoc.net\/ca\/portfolio_page\/cuina-economica-llenya-cadiz\/\" target=\"_self\">Cuina econ\u00f2mica a llenya Cadiz<\/a><\/h2><span class=\"separator small\"><\/span><div class=\"project_category\">Cuines Econ\u00f2miques de Llenya<\/div><\/div><\/div><\/div><\/div><\/li><li class='item'><div class='image_holder'><span class='image'><span class='image_pixel_hover'><\/span><a itemprop='url' href='https:\/\/ecofoc.net\/ca\/portfolio_page\/cuina-economica-inercia-termica\/' target='_self'><img loading=\"lazy\" decoding=\"async\" width=\"570\" height=\"570\" src=\"https:\/\/ecofoc.net\/wp-content\/uploads\/2018\/01\/ecofoc-cuina-medina1-570x570.jpg\" class=\"attachment-portfolio-square size-portfolio-square wp-post-image\" alt=\"\" srcset=\"https:\/\/ecofoc.net\/wp-content\/uploads\/2018\/01\/ecofoc-cuina-medina1-570x570.jpg 570w, https:\/\/ecofoc.net\/wp-content\/uploads\/2018\/01\/ecofoc-cuina-medina1-150x150.jpg 150w, https:\/\/ecofoc.net\/wp-content\/uploads\/2018\/01\/ecofoc-cuina-medina1-180x180.jpg 180w, https:\/\/ecofoc.net\/wp-content\/uploads\/2018\/01\/ecofoc-cuina-medina1-300x300.jpg 300w, https:\/\/ecofoc.net\/wp-content\/uploads\/2018\/01\/ecofoc-cuina-medina1-600x600.jpg 600w, https:\/\/ecofoc.net\/wp-content\/uploads\/2018\/01\/ecofoc-cuina-medina1-500x500.jpg 500w, https:\/\/ecofoc.net\/wp-content\/uploads\/2018\/01\/ecofoc-cuina-medina1-1000x1000.jpg 1000w\" sizes=\"auto, (max-width: 570px) 100vw, 570px\" \/><\/a><\/span><div class='hover_feature_holder'><div class=\"hover_feature_holder_outer\"><div class=\"hover_feature_holder_inner\"><h2 itemprop=\"name\" class=\"portfolio_title entry_title\"><a itemprop=\"url\" href=\"https:\/\/ecofoc.net\/ca\/portfolio_page\/cuina-economica-inercia-termica\/\" target=\"_self\">Cuina econ\u00f3mica d&#8217;in\u00e8rcia t\u00e8rmica<\/a><\/h2><span class=\"separator small\"><\/span><div class=\"project_category\">Cuines Econ\u00f2miques de Llenya<\/div><\/div><\/div><\/div><\/div><\/li><li class='item'><div class='image_holder'><span class='image'><span class='image_pixel_hover'><\/span><a itemprop='url' href='https:\/\/ecofoc.net\/ca\/portfolio_page\/cuina-economica-massa\/' target='_self'><img loading=\"lazy\" decoding=\"async\" width=\"570\" height=\"570\" src=\"https:\/\/ecofoc.net\/wp-content\/uploads\/2018\/01\/ecofoc-cuina-salt1-570x570.jpg\" class=\"attachment-portfolio-square size-portfolio-square wp-post-image\" alt=\"\" srcset=\"https:\/\/ecofoc.net\/wp-content\/uploads\/2018\/01\/ecofoc-cuina-salt1-570x570.jpg 570w, https:\/\/ecofoc.net\/wp-content\/uploads\/2018\/01\/ecofoc-cuina-salt1-150x150.jpg 150w, https:\/\/ecofoc.net\/wp-content\/uploads\/2018\/01\/ecofoc-cuina-salt1-180x180.jpg 180w, https:\/\/ecofoc.net\/wp-content\/uploads\/2018\/01\/ecofoc-cuina-salt1-300x300.jpg 300w, https:\/\/ecofoc.net\/wp-content\/uploads\/2018\/01\/ecofoc-cuina-salt1-600x600.jpg 600w, https:\/\/ecofoc.net\/wp-content\/uploads\/2018\/01\/ecofoc-cuina-salt1-500x500.jpg 500w\" sizes=\"auto, (max-width: 570px) 100vw, 570px\" \/><\/a><\/span><div class='hover_feature_holder'><div class=\"hover_feature_holder_outer\"><div class=\"hover_feature_holder_inner\"><h2 itemprop=\"name\" class=\"portfolio_title entry_title\"><a itemprop=\"url\" href=\"https:\/\/ecofoc.net\/ca\/portfolio_page\/cuina-economica-massa\/\" target=\"_self\">Cuina econ\u00f3mica de massa<\/a><\/h2><span class=\"separator small\"><\/span><div class=\"project_category\">Cuines Econ\u00f2miques de Llenya<\/div><\/div><\/div><\/div><\/div><\/li><li class='item'><div class='image_holder'><span class='image'><span class='image_pixel_hover'><\/span><a itemprop='url' href='https:\/\/ecofoc.net\/ca\/portfolio_page\/cuina-economica-massa-girona\/' target='_self'><img loading=\"lazy\" decoding=\"async\" width=\"570\" height=\"570\" src=\"https:\/\/ecofoc.net\/wp-content\/uploads\/2018\/01\/ecofoc-medinyadalmau2-570x570.jpg\" class=\"attachment-portfolio-square size-portfolio-square wp-post-image\" alt=\"\" srcset=\"https:\/\/ecofoc.net\/wp-content\/uploads\/2018\/01\/ecofoc-medinyadalmau2-570x570.jpg 570w, https:\/\/ecofoc.net\/wp-content\/uploads\/2018\/01\/ecofoc-medinyadalmau2-150x150.jpg 150w, https:\/\/ecofoc.net\/wp-content\/uploads\/2018\/01\/ecofoc-medinyadalmau2-180x180.jpg 180w, https:\/\/ecofoc.net\/wp-content\/uploads\/2018\/01\/ecofoc-medinyadalmau2-300x300.jpg 300w, https:\/\/ecofoc.net\/wp-content\/uploads\/2018\/01\/ecofoc-medinyadalmau2-600x600.jpg 600w, https:\/\/ecofoc.net\/wp-content\/uploads\/2018\/01\/ecofoc-medinyadalmau2-500x500.jpg 500w\" sizes=\"auto, (max-width: 570px) 100vw, 570px\" \/><\/a><\/span><div class='hover_feature_holder'><div class=\"hover_feature_holder_outer\"><div class=\"hover_feature_holder_inner\"><h2 itemprop=\"name\" class=\"portfolio_title entry_title\"><a itemprop=\"url\" href=\"https:\/\/ecofoc.net\/ca\/portfolio_page\/cuina-economica-massa-girona\/\" target=\"_self\">Cuina econ\u00f2mica de massa Girona<\/a><\/h2><span class=\"separator small\"><\/span><div class=\"project_category\">Cuines Econ\u00f2miques de Llenya<\/div><\/div><\/div><\/div><\/div><\/li><li class='item'><div class='image_holder'><span class='image'><span class='image_pixel_hover'><\/span><a itemprop='url' href='https:\/\/ecofoc.net\/ca\/portfolio_page\/cocina-economica-maresme\/' target='_self'><img loading=\"lazy\" decoding=\"async\" width=\"570\" height=\"570\" src=\"https:\/\/ecofoc.net\/wp-content\/uploads\/2018\/01\/ecofoc-enroscada1-570x570.jpg\" class=\"attachment-portfolio-square size-portfolio-square wp-post-image\" alt=\"\" srcset=\"https:\/\/ecofoc.net\/wp-content\/uploads\/2018\/01\/ecofoc-enroscada1-570x570.jpg 570w, https:\/\/ecofoc.net\/wp-content\/uploads\/2018\/01\/ecofoc-enroscada1-150x150.jpg 150w, https:\/\/ecofoc.net\/wp-content\/uploads\/2018\/01\/ecofoc-enroscada1-500x500.jpg 500w, https:\/\/ecofoc.net\/wp-content\/uploads\/2018\/01\/ecofoc-enroscada1-1000x1000.jpg 1000w\" sizes=\"auto, (max-width: 570px) 100vw, 570px\" \/><\/a><\/span><div class='hover_feature_holder'><div class=\"hover_feature_holder_outer\"><div class=\"hover_feature_holder_inner\"><h2 itemprop=\"name\" class=\"portfolio_title entry_title\"><a itemprop=\"url\" href=\"https:\/\/ecofoc.net\/ca\/portfolio_page\/cocina-economica-maresme\/\" target=\"_self\">Cuina econ\u00f2mica Maresme<\/a><\/h2><span class=\"separator small\"><\/span><div class=\"project_category\">Cuines Econ\u00f2miques de Llenya<\/div><\/div><\/div><\/div><\/div><\/li><li class='item'><div class='image_holder'><span class='image'><span class='image_pixel_hover'><\/span><a itemprop='url' href='https:\/\/ecofoc.net\/ca\/portfolio_page\/cuina-economica-vallromanes\/' target='_self'><img loading=\"lazy\" decoding=\"async\" width=\"570\" height=\"570\" src=\"https:\/\/ecofoc.net\/wp-content\/uploads\/2018\/01\/ecofoc-vallromanes-cuina3-570x570.jpg\" class=\"attachment-portfolio-square size-portfolio-square wp-post-image\" alt=\"\" srcset=\"https:\/\/ecofoc.net\/wp-content\/uploads\/2018\/01\/ecofoc-vallromanes-cuina3-570x570.jpg 570w, https:\/\/ecofoc.net\/wp-content\/uploads\/2018\/01\/ecofoc-vallromanes-cuina3-150x150.jpg 150w, https:\/\/ecofoc.net\/wp-content\/uploads\/2018\/01\/ecofoc-vallromanes-cuina3-180x180.jpg 180w, https:\/\/ecofoc.net\/wp-content\/uploads\/2018\/01\/ecofoc-vallromanes-cuina3-300x300.jpg 300w, https:\/\/ecofoc.net\/wp-content\/uploads\/2018\/01\/ecofoc-vallromanes-cuina3-600x600.jpg 600w, https:\/\/ecofoc.net\/wp-content\/uploads\/2018\/01\/ecofoc-vallromanes-cuina3-500x500.jpg 500w, https:\/\/ecofoc.net\/wp-content\/uploads\/2018\/01\/ecofoc-vallromanes-cuina3-1000x1000.jpg 1000w\" sizes=\"auto, (max-width: 570px) 100vw, 570px\" \/><\/a><\/span><div class='hover_feature_holder'><div class=\"hover_feature_holder_outer\"><div class=\"hover_feature_holder_inner\"><h2 itemprop=\"name\" class=\"portfolio_title entry_title\"><a itemprop=\"url\" href=\"https:\/\/ecofoc.net\/ca\/portfolio_page\/cuina-economica-vallromanes\/\" target=\"_self\">Cuina econ\u00f2mica Vallromanes<\/a><\/h2><span class=\"separator small\"><\/span><div class=\"project_category\">Cuines Econ\u00f2miques de Llenya<\/div><\/div><\/div><\/div><\/div><\/li><\/ul><ul class=\"caroufredsel-direction-nav\"><li><a id=\"caroufredsel-prev\" class=\"caroufredsel-prev\" href=\"#\"><div><i class=\"fa fa-angle-left\"><\/i><\/div><\/a><\/li><li><a class=\"caroufredsel-next\" id=\"caroufredsel-next\" href=\"#\"><div><i class=\"fa fa-angle-right\"><\/i><\/div><\/a><\/li><\/ul><\/div><\/div>[vc_separator type=&#8221;normal&#8221; up=&#8221;40&#8243; down=&#8221;40&#8243;][\/vc_column][\/vc_row][vc_row css_animation=&#8221;&#8221; row_type=&#8221;row&#8221; use_row_as_full_screen_section=&#8221;no&#8221; type=&#8221;full_width&#8221; angled_section=&#8221;no&#8221; text_align=&#8221;left&#8221; background_image_as_pattern=&#8221;without_pattern&#8221;][vc_column width=&#8221;1\/2&#8243;][vc_column_text]<\/p>\n<h2>Cuines econ\u00f2miques amb doble porta<\/h2>\n<p>[\/vc_column_text][vc_separator type=&#8221;normal&#8221; up=&#8221;40&#8243; down=&#8221;40&#8243;][vc_column_text]Les nostres <strong>Cuines\u00a0d&#8217;in\u00e8rcia t\u00e8rmica amb doble forn\u00a0<\/strong>distribueixen amb eleg\u00e0ncia espais de cuina-menjador i sala d&#8217;estar.<\/p>\n<p>La seva al\u00e7ada de 90 cm permet adaptar-les amb facilitat al resta de mobles de una cuina.<\/p>\n<p>A partir de 180 cm d&#8217;amplada x 90 cm de profunditat<\/p>\n<p>Inclouen la possibilitat de tenir les portes del foc en diferents cares de l&#8217;estufa.<\/p>\n<p>Poden tenir un o varis\u00a0<strong>bancs calents <\/strong>amb\u00a0diferents opcions de distribuci\u00f3 voltant del cos de &#8216;estufa segons les caracter\u00edstiques de cada projecte.<\/p>\n<p>Inclouen la possibilitat de tenir doble placa de cocci\u00f3. I mantenir un forn calent mitjan\u00e7ant l&#8217;altre foc.[\/vc_column_text][vc_empty_space][vc_column_text]<\/p>\n<h3>Preu a partir de 7000 \u20ac<\/h3>\n<p>[\/vc_column_text][\/vc_column][vc_column width=&#8221;1\/2&#8243;][vc_single_image image=&#8221;16187&#8243; img_size=&#8221;large&#8221; alignment=&#8221;right&#8221; qode_css_animation=&#8221;&#8221;][\/vc_column][vc_column][vc_separator type=&#8221;normal&#8221; up=&#8221;40&#8243; down=&#8221;40&#8243;][vc_column_text]<\/p>\n<h4>\u00daltims projectes de\u00a0<strong>Cuines econ\u00f2miques amb doble porta<\/strong><\/h4>\n<p>[\/vc_column_text][vc_separator type=&#8221;normal&#8221; up=&#8221;40&#8243; down=&#8221;40&#8243;]<div class='portfolio_slider_holder clearfix'><div class='portfolio_slider'  data-number_of_items='5'  ><ul class='portfolio_slides'><li class='item'><div class='image_holder'><span class='image'><span class='image_pixel_hover'><\/span><a itemprop='url' href='https:\/\/ecofoc.net\/ca\/portfolio_page\/cuina-dinercia-amb-doble-forn\/' target='_self'><img loading=\"lazy\" decoding=\"async\" width=\"570\" height=\"570\" src=\"https:\/\/ecofoc.net\/wp-content\/uploads\/2018\/01\/estufa-Ecofoc-Latrille-1-570x570.jpg\" class=\"attachment-portfolio-square size-portfolio-square wp-post-image\" alt=\"\" srcset=\"https:\/\/ecofoc.net\/wp-content\/uploads\/2018\/01\/estufa-Ecofoc-Latrille-1-570x570.jpg 570w, https:\/\/ecofoc.net\/wp-content\/uploads\/2018\/01\/estufa-Ecofoc-Latrille-1-150x150.jpg 150w, https:\/\/ecofoc.net\/wp-content\/uploads\/2018\/01\/estufa-Ecofoc-Latrille-1-180x180.jpg 180w, https:\/\/ecofoc.net\/wp-content\/uploads\/2018\/01\/estufa-Ecofoc-Latrille-1-300x300.jpg 300w, https:\/\/ecofoc.net\/wp-content\/uploads\/2018\/01\/estufa-Ecofoc-Latrille-1-600x600.jpg 600w, https:\/\/ecofoc.net\/wp-content\/uploads\/2018\/01\/estufa-Ecofoc-Latrille-1-500x500.jpg 500w, https:\/\/ecofoc.net\/wp-content\/uploads\/2018\/01\/estufa-Ecofoc-Latrille-1-1000x1000.jpg 1000w\" sizes=\"auto, (max-width: 570px) 100vw, 570px\" \/><\/a><\/span><div class='hover_feature_holder'><div class=\"hover_feature_holder_outer\"><div class=\"hover_feature_holder_inner\"><h2 itemprop=\"name\" class=\"portfolio_title entry_title\"><a itemprop=\"url\" href=\"https:\/\/ecofoc.net\/ca\/portfolio_page\/cuina-dinercia-amb-doble-forn\/\" target=\"_self\">Cuina d&#8217;in\u00e8rcia amb doble forn<\/a><\/h2><span class=\"separator small\"><\/span><div class=\"project_category\">Cuines Econ\u00f2miques de doble porta<\/div><\/div><\/div><\/div><\/div><\/li><li class='item'><div class='image_holder'><span class='image'><span class='image_pixel_hover'><\/span><a itemprop='url' href='https:\/\/ecofoc.net\/ca\/portfolio_page\/cuina-economica-doble\/' target='_self'><img loading=\"lazy\" decoding=\"async\" width=\"570\" height=\"570\" src=\"https:\/\/ecofoc.net\/wp-content\/uploads\/2018\/01\/cuina-larshelbro-vilopriu1-low-570x570.jpg\" class=\"attachment-portfolio-square size-portfolio-square wp-post-image\" alt=\"\" srcset=\"https:\/\/ecofoc.net\/wp-content\/uploads\/2018\/01\/cuina-larshelbro-vilopriu1-low-570x570.jpg 570w, https:\/\/ecofoc.net\/wp-content\/uploads\/2018\/01\/cuina-larshelbro-vilopriu1-low-150x150.jpg 150w, https:\/\/ecofoc.net\/wp-content\/uploads\/2018\/01\/cuina-larshelbro-vilopriu1-low-500x500.jpg 500w, https:\/\/ecofoc.net\/wp-content\/uploads\/2018\/01\/cuina-larshelbro-vilopriu1-low-1000x1000.jpg 1000w\" sizes=\"auto, (max-width: 570px) 100vw, 570px\" \/><\/a><\/span><div class='hover_feature_holder'><div class=\"hover_feature_holder_outer\"><div class=\"hover_feature_holder_inner\"><h2 itemprop=\"name\" class=\"portfolio_title entry_title\"><a itemprop=\"url\" href=\"https:\/\/ecofoc.net\/ca\/portfolio_page\/cuina-economica-doble\/\" target=\"_self\">Cuina econ\u00f2mica doble<\/a><\/h2><span class=\"separator small\"><\/span><div class=\"project_category\">Cuines Econ\u00f2miques de doble porta<\/div><\/div><\/div><\/div><\/div><\/li><\/ul><ul class=\"caroufredsel-direction-nav\"><li><a id=\"caroufredsel-prev\" class=\"caroufredsel-prev\" href=\"#\"><div><i class=\"fa fa-angle-left\"><\/i><\/div><\/a><\/li><li><a class=\"caroufredsel-next\" id=\"caroufredsel-next\" href=\"#\"><div><i class=\"fa fa-angle-right\"><\/i><\/div><\/a><\/li><\/ul><\/div><\/div>[vc_separator type=&#8221;normal&#8221; up=&#8221;40&#8243; down=&#8221;40&#8243;][\/vc_column][\/vc_row]<\/p>\n<\/div>","protected":false},"excerpt":{"rendered":"<p>[vc_row css_animation=&#8221;&#8221; row_type=&#8221;row&#8221; use_row_as_full_screen_section=&#8221;no&#8221; type=&#8221;full_width&#8221; angled_section=&#8221;no&#8221; text_align=&#8221;left&#8221; background_image_as_pattern=&#8221;without_pattern&#8221;][vc_column width=&#8221;1\/2&#8243;][vc_column_text] Cuines econ\u00f2miques de massa t\u00e9rmica [\/vc_column_text][vc_separator type=&#8221;normal&#8221; up=&#8221;40&#8243; down=&#8221;40&#8243;][vc_column_text]Les nostres\u00a0Cuines econ\u00f2miques de Massa T\u00e8rmica\u00a0distribueixen amb eleg\u00e0ncia espais de cuina i sala d&#8217;estar.. &nbsp; Al ser un producte fet a mida son molt flexibles en la forma,&#8230;<\/p>\n","protected":false},"author":2,"featured_media":0,"parent":0,"menu_order":0,"comment_status":"closed","ping_status":"closed","template":"","meta":{"footnotes":""},"yst_prominent_words":[],"class_list":["post-16493","page","type-page","status-publish","hentry"],"_links":{"self":[{"href":"https:\/\/ecofoc.net\/ca\/wp-json\/wp\/v2\/pages\/16493","targetHints":{"allow":["GET"]}}],"collection":[{"href":"https:\/\/ecofoc.net\/ca\/wp-json\/wp\/v2\/pages"}],"about":[{"href":"https:\/\/ecofoc.net\/ca\/wp-json\/wp\/v2\/types\/page"}],"author":[{"embeddable":true,"href":"https:\/\/ecofoc.net\/ca\/wp-json\/wp\/v2\/users\/2"}],"replies":[{"embeddable":true,"href":"https:\/\/ecofoc.net\/ca\/wp-json\/wp\/v2\/comments?post=16493"}],"version-history":[{"count":3,"href":"https:\/\/ecofoc.net\/ca\/wp-json\/wp\/v2\/pages\/16493\/revisions"}],"predecessor-version":[{"id":16905,"href":"https:\/\/ecofoc.net\/ca\/wp-json\/wp\/v2\/pages\/16493\/revisions\/16905"}],"wp:attachment":[{"href":"https:\/\/ecofoc.net\/ca\/wp-json\/wp\/v2\/media?parent=16493"}],"wp:term":[{"taxonomy":"yst_prominent_words","embeddable":true,"href":"https:\/\/ecofoc.net\/ca\/wp-json\/wp\/v2\/yst_prominent_words?post=16493"}],"curies":[{"name":"wp","href":"https:\/\/api.w.org\/{rel}","templated":true}]}}